{"id":30,"date":"2025-03-24T09:20:39","date_gmt":"2025-03-24T09:20:39","guid":{"rendered":"http:\/\/jspics.net\/?page_id=30"},"modified":"2025-03-24T19:18:38","modified_gmt":"2025-03-24T19:18:38","slug":"profil","status":"publish","type":"page","link":"https:\/\/jspics.net\/?page_id=30","title":{"rendered":"Profil"},"content":{"rendered":"<p><em>English below<\/em><\/p>\n<p><strong><img data-recalc-dims=\"1\" loading=\"lazy\" decoding=\"async\" class=\"size-full wp-image-31 alignleft\" src=\"https:\/\/i0.wp.com\/jspics.net\/wp-content\/uploads\/2025\/03\/283477026_10209237114162504_5785979224109775572_n-300x296-1.jpg?resize=300%2C296\" alt=\"\" width=\"300\" height=\"296\" srcset=\"https:\/\/i0.wp.com\/jspics.net\/wp-content\/uploads\/2025\/03\/283477026_10209237114162504_5785979224109775572_n-300x296-1.jpg?w=300&amp;ssl=1 300w, https:\/\/i0.wp.com\/jspics.net\/wp-content\/uploads\/2025\/03\/283477026_10209237114162504_5785979224109775572_n-300x296-1.jpg?resize=152%2C150&amp;ssl=1 152w, https:\/\/i0.wp.com\/jspics.net\/wp-content\/uploads\/2025\/03\/283477026_10209237114162504_5785979224109775572_n-300x296-1.jpg?resize=150%2C148&amp;ssl=1 150w\" sizes=\"auto, (max-width: 300px) 100vw, 300px\" \/>J\u00f6rg \u201eDie G\u00f6tterlinse\u201c Schnebele<\/strong><br \/>\n(danke an&nbsp;<strong>Chris von Rohr<\/strong>&nbsp;f\u00fcr diesen ehrenvollen Spitznamen)<\/p>\n<p>Geboren bin ich im Jahr 1960.<br \/>\nWarum ich mich als Jugendlicher zur harten Musik hingezogen f\u00fchlte, kann ich heute nur erahnen: Rebellion, anders sein, bewusst den Au\u00dfenseiter spielen.<br \/>\nDas kann aber auf Dauer nur funktionieren, wenn man wirklich Gefallen an h\u00e4rteren T\u00f6nen hat.<\/p>\n<p>In meiner Jugend bestand jeder Kontakt zur Musik lediglich \u00fcber Schallplatten, die ich mir von meinem Taschen-, Geburtstags, Weihnachts- oder Kirmesgeld leistete.<\/p>\n<p>Mit 12 dann das erste Konzert:&nbsp;<em><strong>Suzi Quatro<\/strong><\/em>&nbsp;mit der Vorband&nbsp;<em><strong>Mud<\/strong><\/em>. Beide Bands hielten sich 1973 permanent in den Charts und zeigten einen Trend zum H\u00e4rteren auf.<\/p>\n<p>Zu Hause standen Platten von&nbsp;<em><strong>Deep Purple, UFO, Led Zeppelin<\/strong><\/em>.<br \/>\nDiese Bands live zu sehen war schier unm\u00f6glich f\u00fcr mich. Alleine die Informationen, wann welche Band wo auftrat, waren kaum zu bekommen; zumal auch jeder Bravo Kauf von meinen Eltern unterbunden wurde. Eine Hard und Heavy Presse gab es schlie\u00dflich noch nicht; vom Internet ganz zu schweigen.<\/p>\n<p>Mitte \/ Ende der 70er folgten dann weitere Konzerte:&nbsp;<em><strong>Status Quo, Queen<\/strong><\/em>\u2026<br \/>\nUnd als ich dann der elterlichen Behausung den R\u00fccken kehrte, ging\u2019s dann erst richtig los.<\/p>\n<p>W\u00e4hrend der Konzerte zu fotografieren, kam mir damals noch nicht in den Sinn. Damit begann ich Anfang der 80er, z.B. beim legend\u00e4ren<em><strong>&nbsp;Rock Pop In Concert<\/strong>&nbsp;<\/em>mit&nbsp;<em><strong>Iron Maiden, Scorpions, Def Leppard, MSG, Ozzy Osbourne, Krokus, Quiet Riot<\/strong><\/em>&nbsp;und&nbsp;<em><strong>Judas Priest<\/strong><\/em>.<br \/>\nAllerdings aus dem Publikum, mit einem 400er Film und einem 135mm Tele.<br \/>\nDie Bilder waren verst\u00e4ndlicherweise alles andere als gut \u2013 aber berauschend. Berauschend, weil ich, wenn auch recht schlecht, einen Teil grandioser Musikgeschichte bildlich festgehalten hatte.<\/p>\n<p>Ich wollte mehr, bessere Aufnahmen, n\u00e4her ran an die Bands.<br \/>\n1985 stieg ich beim Bonner Fanzine&nbsp;<em><strong>LIVE WIRE<\/strong>&nbsp;<\/em>ein, und das gab mir Gelegenheit, meine Idole zu treffen, Interviews zu f\u00fchren und aus dem Fotograben zu agieren.<\/p>\n<p>Mit der damaligen Technik alles gar nicht so einfach (was nicht bedeuten soll, dass es heute uneingeschr\u00e4nkt besser ist).<br \/>\nLichtempfindliche Filme h\u00f6rten meistens bei 400 ASA \/ 27 ISO auf.<br \/>\nDie Filmpatrone enthielt gerade mal 36 Aufnahmen und man musste w\u00e4hrend der ersten drei Songs mindestens einmal nachlegen.<br \/>\nUnd schlussendlich wusste man erst nach Entwickeln des Films, ob man etwas Gutes zu Stande gebracht hatte.<\/p>\n<p>1992 habe ich dann das&nbsp;<em><strong>LIVE WIRE<\/strong>&nbsp;<\/em>eingestellt; als Hobby, neben Familie, Beruf usw war die n\u00f6tige Zeit nicht mehr vorhanden.<\/p>\n<p>Das \u00e4nderte aber nichts an der Liebe zur harten Musik. Unz\u00e4hlige CD K\u00e4ufe, ein Abo des besten Metal Magazins \u201eRock Hard\u201c, und ich war bestens informiert.<\/p>\n<p>Mit dem Einzug der digitalen Fotografie versuchte ich dann, meine Konzertbesuche wieder mit Fotografieren zu verbinden: alte Kontakte (man bedenke: es lagen fast 20 Jahre dazwischen), verhalfen mir wieder zu Fotop\u00e4ssen.<br \/>\n<em><strong>Gaby Hoffmann<\/strong><\/em>, (damalige) Ehefrau von Gitarristen Wolf und Managerin von<em><strong>&nbsp;ACCEPT<\/strong>&nbsp;<\/em>war die erste, die mir die M\u00f6glichkeit gab, nach zwei Dekaden wieder im Fotograben zu stehen.<br \/>\nWeiki von&nbsp;<strong>Helloween<\/strong>&nbsp;war der n\u00e4chste; und dann wurde die Sucht wieder gr\u00f6\u00dfer, und es ergaben sich weitere M\u00f6glichkeiten.<\/p>\n<p>Mit einem Bekannten aus meinem Ort fuhr ich zusammen zu diversen Konzerten, und er berichtete mir, dass er zusammen mit einem anderen Fotografen ein Online Magazin plane.<\/p>\n<p><em><strong>\u201eHellfire\u201c<\/strong>&nbsp;<\/em>war das Produkt ihrer W\u00fcnsche und im Fr\u00fchjahr 2015 stieg ich auch wieder (hobbym\u00e4\u00dfig) ins offizielle Fotografieren und Schreiben ein.<\/p>\n<p>Seit 1983 sind halt eine Menge Bilder zusammengekommen: qualitativ ganz unterschiedlich und doch kann ich behaupten, dass zum Teil auch einige nicht so gelungene Schnappsch\u00fcsse f\u00fcr mich eine ganz besondere Bedeutung haben.<\/p>\n<p>Erinnerungen aus meinem Leben, Erinnerungen an tolle Begegnungen und, gerade in den letzten Jahren und Monaten wurde es sehr deutlich: Erinnerungen an grandiose Musiker, die ich kennenlernen und\/oder fotografieren durfte, und die heute nicht mehr unter uns sind.<\/p>\n<p>&nbsp;<\/p>\n<p><em><strong>J\u00f6rg \u201cThe Lense of God\u201d Schnebele<\/strong><\/em><br \/>\n<em>(thanks to Chris von Rohr for this honorable nickname)<\/em><\/p>\n<p><em>I was born in 1960.<\/em><br \/>\n<em>Today I can only guess why I felt drawn to hard music as a teenager: Rebellion, being different, consciously playing the outsider.<\/em><br \/>\n<em>But that can only work in the long term if you really enjoy harder sounds.<\/em><\/p>\n<p><em>In my youth, my only contact with music was through records, which I bought with my pocket money, birthday money, Christmas money or funfair money.<\/em><\/p>\n<p><em>Then at the age of 12 I went to my first concert: Suzi Quatro with the support band Mud. Both bands were permanently in the charts in 1973 and showed a trend towards harder music.<\/em><\/p>\n<p><em>I had records by Deep Purple, UFO and Led Zeppelin at home.<\/em><br \/>\n<em>It was almost impossible for me to see these bands live. It was almost impossible to find out which band was playing where and when, especially as my parents prevented me from buying any Bravo magazines. After all, there was no hard and heavy press, not to mention the Internet.<\/em><\/p>\n<p><em>More concerts followed in the mid\/late 70s: Status Quo, Queen&#8230;<\/em><br \/>\n<em>And when I turned my back on my parents&#8216; house, things really took off.<\/em><\/p>\n<p><em>Taking photos during concerts didn&#8217;t occur to me back then. I started doing this at the beginning of the 80s, for example at the legendary Rock Pop In Concert with Iron Maiden, Scorpions, Def Leppard, MSG, Ozzy Osbourne, Krokus, Quiet Riot and Judas Priest.<\/em><br \/>\n<em>But from the audience, with a 400 film and a 135mm telephoto.<\/em><br \/>\n<em>The pictures were understandably anything but good &#8211; but exhilarating. Exhilarating because I had captured, albeit rather poorly, a part of grandiose music history.<\/em><\/p>\n<p><em>I wanted more, better shots, to get closer to the bands.<\/em><br \/>\n<em>In 1985, I joined the Bonn fanzine LIVE WIRE, which gave me the opportunity to meet my idols, conduct interviews and work from the photo pit.<\/em><\/p>\n<p><em>Not so easy with the technology of the time (which is not to say that it&#8217;s any better today).<\/em><br \/>\n<em>Light-sensitive films usually stopped at 400 ASA \/ 27 ISO.<\/em><br \/>\n<em>The film cartridge contained just 36 shots and you had to refill at least once during the first three songs.<\/em><br \/>\n<em>And in the end, you only knew if you had produced something good after developing the film.<\/em><\/p>\n<p><em>In 1992 I stopped LIVE WIRE; as a hobby, in addition to my family and job, I no longer had the time.<\/em><\/p>\n<p><em>But that didn&#8217;t change my love of hard music. Countless CD purchases, a subscription to the best metal magazine \u201cRock Hard\u201d, and I was well informed.<\/em><\/p>\n<p><em>With the advent of digital photography, I tried to combine my concert visits with photography again: old contacts (remember: there were almost 20 years in between) helped me to get photo passes again.<\/em><br \/>\n<em>Gaby Hoffmann, (then) wife of guitarist Wolf and manager of ACCEPT, was the first to give me the opportunity to stand in the photo pit again after two decades.<\/em><br \/>\n<em>Weiki from Helloween was next; and then the addiction grew again and more opportunities arose.<\/em><\/p>\n<p><em>I went to various concerts with an acquaintance from my town, and he told me that he was planning an online magazine together with another photographer.<\/em><\/p>\n<p><em>\u201cHellfire\u201d was the product of their wishes and in the spring of 2015 I got back into official photography and writing (as a hobby).<\/em><\/p>\n<p><em>A lot of pictures have come together since 1983: very different in quality and yet I can say that even some of the less successful snapshots have a very special meaning for me.<\/em><\/p>\n<p><em>Memories from my life, memories of great encounters and, especially in the last few years and months, it has become very clear: memories of great musicians who I was able to meet and\/or photograph and who are no longer with us today.<\/em><\/p>\n<div class=\"shariff\"><ul class=\"shariff-buttons theme-default orientation-horizontal buttonsize-medium\"><li class=\"shariff-button facebook shariff-nocustomcolor\" style=\"background-color:#4273c8\"><a href=\"https:\/\/www.facebook.com\/sharer\/sharer.php?u=https%3A%2F%2Fjspics.net%2F%3Fpage_id%3D30\" title=\"Bei Facebook teilen\" aria-label=\"Bei Facebook teilen\" role=\"button\" rel=\"nofollow\" class=\"shariff-link\" style=\"; background-color:#3b5998; color:#fff\" target=\"_blank\"><span class=\"shariff-icon\" style=\"\"><svg width=\"32px\" height=\"20px\" xmlns=\"http:\/\/www.w3.org\/2000\/svg\" viewBox=\"0 0 18 32\"><path fill=\"#3b5998\" d=\"M17.1 0.2v4.7h-2.8q-1.5 0-2.1 0.6t-0.5 1.9v3.4h5.2l-0.7 5.3h-4.5v13.6h-5.5v-13.6h-4.5v-5.3h4.5v-3.9q0-3.3 1.9-5.2t5-1.8q2.6 0 4.1 0.2z\"\/><\/svg><\/span><span class=\"shariff-text\">teilen<\/span>&nbsp;<\/a><\/li><li class=\"shariff-button twitter shariff-nocustomcolor\" style=\"background-color:#595959\"><a href=\"https:\/\/twitter.com\/share?url=https%3A%2F%2Fjspics.net%2F%3Fpage_id%3D30&text=Profil\" title=\"Bei X teilen\" aria-label=\"Bei X teilen\" role=\"button\" rel=\"noopener nofollow\" class=\"shariff-link\" style=\"; background-color:#000; color:#fff\" target=\"_blank\"><span class=\"shariff-icon\" style=\"\"><svg width=\"32px\" height=\"20px\" xmlns=\"http:\/\/www.w3.org\/2000\/svg\" viewBox=\"0 0 24 24\"><path fill=\"#000\" d=\"M14.258 10.152L23.176 0h-2.113l-7.747 8.813L7.133 0H0l9.352 13.328L0 23.973h2.113l8.176-9.309 6.531 9.309h7.133zm-2.895 3.293l-.949-1.328L2.875 1.56h3.246l6.086 8.523.945 1.328 7.91 11.078h-3.246zm0 0\"\/><\/svg><\/span><span class=\"shariff-text\">teilen<\/span>&nbsp;<\/a><\/li><li class=\"shariff-button whatsapp shariff-nocustomcolor\" style=\"background-color:#5cbe4a\"><a href=\"https:\/\/api.whatsapp.com\/send?text=https%3A%2F%2Fjspics.net%2F%3Fpage_id%3D30%20Profil\" title=\"Bei Whatsapp teilen\" aria-label=\"Bei Whatsapp teilen\" role=\"button\" rel=\"noopener nofollow\" class=\"shariff-link\" style=\"; background-color:#34af23; color:#fff\" target=\"_blank\"><span class=\"shariff-icon\" style=\"\"><svg width=\"32px\" height=\"20px\" xmlns=\"http:\/\/www.w3.org\/2000\/svg\" viewBox=\"0 0 32 32\"><path fill=\"#34af23\" d=\"M17.6 17.4q0.2 0 1.7 0.8t1.6 0.9q0 0.1 0 0.3 0 0.6-0.3 1.4-0.3 0.7-1.3 1.2t-1.8 0.5q-1 0-3.4-1.1-1.7-0.8-3-2.1t-2.6-3.3q-1.3-1.9-1.3-3.5v-0.1q0.1-1.6 1.3-2.8 0.4-0.4 0.9-0.4 0.1 0 0.3 0t0.3 0q0.3 0 0.5 0.1t0.3 0.5q0.1 0.4 0.6 1.6t0.4 1.3q0 0.4-0.6 1t-0.6 0.8q0 0.1 0.1 0.3 0.6 1.3 1.8 2.4 1 0.9 2.7 1.8 0.2 0.1 0.4 0.1 0.3 0 1-0.9t0.9-0.9zM14 26.9q2.3 0 4.3-0.9t3.6-2.4 2.4-3.6 0.9-4.3-0.9-4.3-2.4-3.6-3.6-2.4-4.3-0.9-4.3 0.9-3.6 2.4-2.4 3.6-0.9 4.3q0 3.6 2.1 6.6l-1.4 4.2 4.3-1.4q2.8 1.9 6.2 1.9zM14 2.2q2.7 0 5.2 1.1t4.3 2.9 2.9 4.3 1.1 5.2-1.1 5.2-2.9 4.3-4.3 2.9-5.2 1.1q-3.5 0-6.5-1.7l-7.4 2.4 2.4-7.2q-1.9-3.2-1.9-6.9 0-2.7 1.1-5.2t2.9-4.3 4.3-2.9 5.2-1.1z\"\/><\/svg><\/span><span class=\"shariff-text\">teilen<\/span>&nbsp;<\/a><\/li><li class=\"shariff-button telegram shariff-nocustomcolor\" style=\"background-color:#4084A6\"><a href=\"https:\/\/telegram.me\/share\/url?url=https%3A%2F%2Fjspics.net%2F%3Fpage_id%3D30&text=Profil\" title=\"Bei Telegram teilen\" aria-label=\"Bei Telegram teilen\" role=\"button\" rel=\"noopener nofollow\" class=\"shariff-link\" style=\"; background-color:#0088cc; color:#fff\" target=\"_blank\"><span class=\"shariff-icon\" style=\"\"><svg width=\"32px\" height=\"20px\" xmlns=\"http:\/\/www.w3.org\/2000\/svg\" viewBox=\"0 0 32 32\"><path fill=\"#0088cc\" d=\"M30.8 6.5l-4.5 21.4c-.3 1.5-1.2 1.9-2.5 1.2L16.9 24l-3.3 3.2c-.4.4-.7.7-1.4.7l.5-7L25.5 9.2c.6-.5-.1-.8-.9-.3l-15.8 10L2 16.7c-1.5-.5-1.5-1.5.3-2.2L28.9 4.3c1.3-.5 2.3.3 1.9 2.2z\"\/><\/svg><\/span><span class=\"shariff-text\">teilen<\/span>&nbsp;<\/a><\/li><li class=\"shariff-button threema shariff-nocustomcolor shariff-mobile\" style=\"background-color:#4fbc24\"><a href=\"threema:\/\/compose?text=Profil%20https%3A%2F%2Fjspics.net%2F%3Fpage_id%3D30\" title=\"Bei Threema teilen\" aria-label=\"Bei Threema teilen\" role=\"button\" rel=\"noopener nofollow\" class=\"shariff-link\" style=\"; background-color:#1f1f1f; color:#fff\" target=\"_blank\"><span class=\"shariff-icon\" style=\"\"><svg width=\"32px\" height=\"20px\" xmlns=\"http:\/\/www.w3.org\/2000\/svg\" viewBox=\"0 0 32 32\"><path fill=\"#1f1f1f\" d=\"M30.8 10.9c-0.3-1.4-0.9-2.6-1.8-3.8-2-2.6-5.5-4.5-9.4-5.2-1.3-0.2-1.9-0.3-3.5-0.3s-2.2 0-3.5 0.3c-4 0.7-7.4 2.6-9.4 5.2-0.9 1.2-1.5 2.4-1.8 3.8-0.1 0.5-0.2 1.2-0.2 1.6 0 0.4 0.1 1.1 0.2 1.6 0.4 1.9 1.3 3.4 2.9 5 0.8 0.8 0.8 0.8 0.7 1.3 0 0.6-0.5 1.6-1.7 3.6-0.3 0.5-0.5 0.9-0.5 0.9 0 0.1 0.1 0.1 0.5 0 0.8-0.2 2.3-0.6 5.6-1.6 1.1-0.3 1.3-0.4 2.3-0.4 0.8 0 1.1 0 2.3 0.2 1.5 0.2 3.5 0.2 4.9 0 5.1-0.6 9.3-2.9 11.4-6.3 0.5-0.9 0.9-1.8 1.1-2.8 0.1-0.5 0.2-1.1 0.2-1.6 0-0.7-0.1-1.1-0.2-1.6-0.3-1.4 0.1 0.5 0 0zM20.6 17.3c0 0.4-0.4 0.8-0.8 0.8h-7.7c-0.4 0-0.8-0.4-0.8-0.8v-4.6c0-0.4 0.4-0.8 0.8-0.8h0.2l0-1.6c0-0.9 0-1.8 0.1-2 0.1-0.6 0.6-1.2 1.1-1.7s1.1-0.7 1.9-0.8c1.8-0.3 3.7 0.7 4.2 2.2 0.1 0.3 0.1 0.7 0.1 2.1v0 1.7h0.1c0.4 0 0.8 0.4 0.8 0.8v4.6zM15.6 7.3c-0.5 0.1-0.8 0.3-1.2 0.6s-0.6 0.8-0.7 1.3c0 0.2 0 0.8 0 1.5l0 1.2h4.6v-1.3c0-1 0-1.4-0.1-1.6-0.3-1.1-1.5-1.9-2.6-1.7zM25.8 28.2c0 1.2-1 2.2-2.1 2.2s-2.1-1-2.1-2.1c0-1.2 1-2.1 2.2-2.1s2.2 1 2.2 2.2zM18.1 28.2c0 1.2-1 2.2-2.1 2.2s-2.1-1-2.1-2.1c0-1.2 1-2.1 2.2-2.1s2.2 1 2.2 2.2zM10.4 28.2c0 1.2-1 2.2-2.1 2.2s-2.1-1-2.1-2.1c0-1.2 1-2.1 2.2-2.1s2.2 1 2.2 2.2z\"\/><\/svg><\/span><span class=\"shariff-text\">teilen<\/span>&nbsp;<\/a><\/li><li class=\"shariff-button mailto shariff-nocustomcolor\" style=\"background-color:#a8a8a8\"><a href=\"mailto:?body=https%3A%2F%2Fjspics.net%2F%3Fpage_id%3D30&subject=Profil\" title=\"Per E-Mail versenden\" aria-label=\"Per E-Mail versenden\" role=\"button\" rel=\"noopener nofollow\" class=\"shariff-link\" style=\"; background-color:#999; color:#fff\"><span class=\"shariff-icon\" style=\"\"><svg width=\"32px\" height=\"20px\" xmlns=\"http:\/\/www.w3.org\/2000\/svg\" viewBox=\"0 0 32 32\"><path fill=\"#999\" d=\"M32 12.7v14.2q0 1.2-0.8 2t-2 0.9h-26.3q-1.2 0-2-0.9t-0.8-2v-14.2q0.8 0.9 1.8 1.6 6.5 4.4 8.9 6.1 1 0.8 1.6 1.2t1.7 0.9 2 0.4h0.1q0.9 0 2-0.4t1.7-0.9 1.6-1.2q3-2.2 8.9-6.1 1-0.7 1.8-1.6zM32 7.4q0 1.4-0.9 2.7t-2.2 2.2q-6.7 4.7-8.4 5.8-0.2 0.1-0.7 0.5t-1 0.7-0.9 0.6-1.1 0.5-0.9 0.2h-0.1q-0.4 0-0.9-0.2t-1.1-0.5-0.9-0.6-1-0.7-0.7-0.5q-1.6-1.1-4.7-3.2t-3.6-2.6q-1.1-0.7-2.1-2t-1-2.5q0-1.4 0.7-2.3t2.1-0.9h26.3q1.2 0 2 0.8t0.9 2z\"\/><\/svg><\/span><span class=\"shariff-text\">E-Mail<\/span>&nbsp;<\/a><\/li><li class=\"shariff-button info shariff-nocustomcolor\" style=\"background-color:#eee\"><a href=\"http:\/\/ct.de\/-2467514\" title=\"Weitere Informationen\" aria-label=\"Weitere Informationen\" role=\"button\" rel=\"noopener \" class=\"shariff-link\" style=\"; background-color:#fff; color:#fff\" target=\"_blank\"><span class=\"shariff-icon\" style=\"\"><svg width=\"32px\" height=\"20px\" xmlns=\"http:\/\/www.w3.org\/2000\/svg\" viewBox=\"0 0 11 32\"><path fill=\"#999\" d=\"M11.4 24v2.3q0 0.5-0.3 0.8t-0.8 0.4h-9.1q-0.5 0-0.8-0.4t-0.4-0.8v-2.3q0-0.5 0.4-0.8t0.8-0.4h1.1v-6.8h-1.1q-0.5 0-0.8-0.4t-0.4-0.8v-2.3q0-0.5 0.4-0.8t0.8-0.4h6.8q0.5 0 0.8 0.4t0.4 0.8v10.3h1.1q0.5 0 0.8 0.4t0.3 0.8zM9.2 3.4v3.4q0 0.5-0.4 0.8t-0.8 0.4h-4.6q-0.4 0-0.8-0.4t-0.4-0.8v-3.4q0-0.4 0.4-0.8t0.8-0.4h4.6q0.5 0 0.8 0.4t0.4 0.8z\"\/><\/svg><\/span><\/a><\/li><\/ul><\/div>","protected":false},"excerpt":{"rendered":"<p>English below J\u00f6rg \u201eDie G\u00f6tterlinse\u201c Schnebele (danke an&nbsp;Chris von Rohr&nbsp;f\u00fcr diesen ehrenvollen Spitznamen) Geboren bin ich im Jahr 1960. Warum ich mich als Jugendlicher zur harten Musik hingezogen f\u00fchlte, kann ich heute nur erahnen: Rebellion, anders sein, bewusst den Au\u00dfenseiter spielen. Das kann aber auf Dauer nur funktionieren, wenn man&#8230; <a class=\"continue-reading-link\" href=\"https:\/\/jspics.net\/?page_id=30\">weiterlesen<\/a><\/p>\n<div class=\"shariff\"><ul class=\"shariff-buttons theme-default orientation-horizontal buttonsize-medium\"><li class=\"shariff-button facebook shariff-nocustomcolor\" style=\"background-color:#4273c8\"><a href=\"https:\/\/www.facebook.com\/sharer\/sharer.php?u=https%3A%2F%2Fjspics.net%2F%3Fpage_id%3D30\" title=\"Bei Facebook teilen\" aria-label=\"Bei Facebook teilen\" role=\"button\" rel=\"nofollow\" class=\"shariff-link\" style=\"; background-color:#3b5998; color:#fff\" target=\"_blank\"><span class=\"shariff-icon\" style=\"\"><svg width=\"32px\" height=\"20px\" xmlns=\"http:\/\/www.w3.org\/2000\/svg\" viewBox=\"0 0 18 32\"><path fill=\"#3b5998\" d=\"M17.1 0.2v4.7h-2.8q-1.5 0-2.1 0.6t-0.5 1.9v3.4h5.2l-0.7 5.3h-4.5v13.6h-5.5v-13.6h-4.5v-5.3h4.5v-3.9q0-3.3 1.9-5.2t5-1.8q2.6 0 4.1 0.2z\"\/><\/svg><\/span><span class=\"shariff-text\">teilen<\/span>&nbsp;<\/a><\/li><li class=\"shariff-button twitter shariff-nocustomcolor\" style=\"background-color:#595959\"><a href=\"https:\/\/twitter.com\/share?url=https%3A%2F%2Fjspics.net%2F%3Fpage_id%3D30&text=Profil\" title=\"Bei X teilen\" aria-label=\"Bei X teilen\" role=\"button\" rel=\"noopener nofollow\" class=\"shariff-link\" style=\"; background-color:#000; color:#fff\" target=\"_blank\"><span class=\"shariff-icon\" style=\"\"><svg width=\"32px\" height=\"20px\" xmlns=\"http:\/\/www.w3.org\/2000\/svg\" viewBox=\"0 0 24 24\"><path fill=\"#000\" d=\"M14.258 10.152L23.176 0h-2.113l-7.747 8.813L7.133 0H0l9.352 13.328L0 23.973h2.113l8.176-9.309 6.531 9.309h7.133zm-2.895 3.293l-.949-1.328L2.875 1.56h3.246l6.086 8.523.945 1.328 7.91 11.078h-3.246zm0 0\"\/><\/svg><\/span><span class=\"shariff-text\">teilen<\/span>&nbsp;<\/a><\/li><li class=\"shariff-button whatsapp shariff-nocustomcolor\" style=\"background-color:#5cbe4a\"><a href=\"https:\/\/api.whatsapp.com\/send?text=https%3A%2F%2Fjspics.net%2F%3Fpage_id%3D30%20Profil\" title=\"Bei Whatsapp teilen\" aria-label=\"Bei Whatsapp teilen\" role=\"button\" rel=\"noopener nofollow\" class=\"shariff-link\" style=\"; background-color:#34af23; color:#fff\" target=\"_blank\"><span class=\"shariff-icon\" style=\"\"><svg width=\"32px\" height=\"20px\" xmlns=\"http:\/\/www.w3.org\/2000\/svg\" viewBox=\"0 0 32 32\"><path fill=\"#34af23\" d=\"M17.6 17.4q0.2 0 1.7 0.8t1.6 0.9q0 0.1 0 0.3 0 0.6-0.3 1.4-0.3 0.7-1.3 1.2t-1.8 0.5q-1 0-3.4-1.1-1.7-0.8-3-2.1t-2.6-3.3q-1.3-1.9-1.3-3.5v-0.1q0.1-1.6 1.3-2.8 0.4-0.4 0.9-0.4 0.1 0 0.3 0t0.3 0q0.3 0 0.5 0.1t0.3 0.5q0.1 0.4 0.6 1.6t0.4 1.3q0 0.4-0.6 1t-0.6 0.8q0 0.1 0.1 0.3 0.6 1.3 1.8 2.4 1 0.9 2.7 1.8 0.2 0.1 0.4 0.1 0.3 0 1-0.9t0.9-0.9zM14 26.9q2.3 0 4.3-0.9t3.6-2.4 2.4-3.6 0.9-4.3-0.9-4.3-2.4-3.6-3.6-2.4-4.3-0.9-4.3 0.9-3.6 2.4-2.4 3.6-0.9 4.3q0 3.6 2.1 6.6l-1.4 4.2 4.3-1.4q2.8 1.9 6.2 1.9zM14 2.2q2.7 0 5.2 1.1t4.3 2.9 2.9 4.3 1.1 5.2-1.1 5.2-2.9 4.3-4.3 2.9-5.2 1.1q-3.5 0-6.5-1.7l-7.4 2.4 2.4-7.2q-1.9-3.2-1.9-6.9 0-2.7 1.1-5.2t2.9-4.3 4.3-2.9 5.2-1.1z\"\/><\/svg><\/span><span class=\"shariff-text\">teilen<\/span>&nbsp;<\/a><\/li><li class=\"shariff-button telegram shariff-nocustomcolor\" style=\"background-color:#4084A6\"><a href=\"https:\/\/telegram.me\/share\/url?url=https%3A%2F%2Fjspics.net%2F%3Fpage_id%3D30&text=Profil\" title=\"Bei Telegram teilen\" aria-label=\"Bei Telegram teilen\" role=\"button\" rel=\"noopener nofollow\" class=\"shariff-link\" style=\"; background-color:#0088cc; color:#fff\" target=\"_blank\"><span class=\"shariff-icon\" style=\"\"><svg width=\"32px\" height=\"20px\" xmlns=\"http:\/\/www.w3.org\/2000\/svg\" viewBox=\"0 0 32 32\"><path fill=\"#0088cc\" d=\"M30.8 6.5l-4.5 21.4c-.3 1.5-1.2 1.9-2.5 1.2L16.9 24l-3.3 3.2c-.4.4-.7.7-1.4.7l.5-7L25.5 9.2c.6-.5-.1-.8-.9-.3l-15.8 10L2 16.7c-1.5-.5-1.5-1.5.3-2.2L28.9 4.3c1.3-.5 2.3.3 1.9 2.2z\"\/><\/svg><\/span><span class=\"shariff-text\">teilen<\/span>&nbsp;<\/a><\/li><li class=\"shariff-button threema shariff-nocustomcolor shariff-mobile\" style=\"background-color:#4fbc24\"><a href=\"threema:\/\/compose?text=Profil%20https%3A%2F%2Fjspics.net%2F%3Fpage_id%3D30\" title=\"Bei Threema teilen\" aria-label=\"Bei Threema teilen\" role=\"button\" rel=\"noopener nofollow\" class=\"shariff-link\" style=\"; background-color:#1f1f1f; color:#fff\" target=\"_blank\"><span class=\"shariff-icon\" style=\"\"><svg width=\"32px\" height=\"20px\" xmlns=\"http:\/\/www.w3.org\/2000\/svg\" viewBox=\"0 0 32 32\"><path fill=\"#1f1f1f\" d=\"M30.8 10.9c-0.3-1.4-0.9-2.6-1.8-3.8-2-2.6-5.5-4.5-9.4-5.2-1.3-0.2-1.9-0.3-3.5-0.3s-2.2 0-3.5 0.3c-4 0.7-7.4 2.6-9.4 5.2-0.9 1.2-1.5 2.4-1.8 3.8-0.1 0.5-0.2 1.2-0.2 1.6 0 0.4 0.1 1.1 0.2 1.6 0.4 1.9 1.3 3.4 2.9 5 0.8 0.8 0.8 0.8 0.7 1.3 0 0.6-0.5 1.6-1.7 3.6-0.3 0.5-0.5 0.9-0.5 0.9 0 0.1 0.1 0.1 0.5 0 0.8-0.2 2.3-0.6 5.6-1.6 1.1-0.3 1.3-0.4 2.3-0.4 0.8 0 1.1 0 2.3 0.2 1.5 0.2 3.5 0.2 4.9 0 5.1-0.6 9.3-2.9 11.4-6.3 0.5-0.9 0.9-1.8 1.1-2.8 0.1-0.5 0.2-1.1 0.2-1.6 0-0.7-0.1-1.1-0.2-1.6-0.3-1.4 0.1 0.5 0 0zM20.6 17.3c0 0.4-0.4 0.8-0.8 0.8h-7.7c-0.4 0-0.8-0.4-0.8-0.8v-4.6c0-0.4 0.4-0.8 0.8-0.8h0.2l0-1.6c0-0.9 0-1.8 0.1-2 0.1-0.6 0.6-1.2 1.1-1.7s1.1-0.7 1.9-0.8c1.8-0.3 3.7 0.7 4.2 2.2 0.1 0.3 0.1 0.7 0.1 2.1v0 1.7h0.1c0.4 0 0.8 0.4 0.8 0.8v4.6zM15.6 7.3c-0.5 0.1-0.8 0.3-1.2 0.6s-0.6 0.8-0.7 1.3c0 0.2 0 0.8 0 1.5l0 1.2h4.6v-1.3c0-1 0-1.4-0.1-1.6-0.3-1.1-1.5-1.9-2.6-1.7zM25.8 28.2c0 1.2-1 2.2-2.1 2.2s-2.1-1-2.1-2.1c0-1.2 1-2.1 2.2-2.1s2.2 1 2.2 2.2zM18.1 28.2c0 1.2-1 2.2-2.1 2.2s-2.1-1-2.1-2.1c0-1.2 1-2.1 2.2-2.1s2.2 1 2.2 2.2zM10.4 28.2c0 1.2-1 2.2-2.1 2.2s-2.1-1-2.1-2.1c0-1.2 1-2.1 2.2-2.1s2.2 1 2.2 2.2z\"\/><\/svg><\/span><span class=\"shariff-text\">teilen<\/span>&nbsp;<\/a><\/li><li class=\"shariff-button mailto shariff-nocustomcolor\" style=\"background-color:#a8a8a8\"><a href=\"mailto:?body=https%3A%2F%2Fjspics.net%2F%3Fpage_id%3D30&subject=Profil\" title=\"Per E-Mail versenden\" aria-label=\"Per E-Mail versenden\" role=\"button\" rel=\"noopener nofollow\" class=\"shariff-link\" style=\"; background-color:#999; color:#fff\"><span class=\"shariff-icon\" style=\"\"><svg width=\"32px\" height=\"20px\" xmlns=\"http:\/\/www.w3.org\/2000\/svg\" viewBox=\"0 0 32 32\"><path fill=\"#999\" d=\"M32 12.7v14.2q0 1.2-0.8 2t-2 0.9h-26.3q-1.2 0-2-0.9t-0.8-2v-14.2q0.8 0.9 1.8 1.6 6.5 4.4 8.9 6.1 1 0.8 1.6 1.2t1.7 0.9 2 0.4h0.1q0.9 0 2-0.4t1.7-0.9 1.6-1.2q3-2.2 8.9-6.1 1-0.7 1.8-1.6zM32 7.4q0 1.4-0.9 2.7t-2.2 2.2q-6.7 4.7-8.4 5.8-0.2 0.1-0.7 0.5t-1 0.7-0.9 0.6-1.1 0.5-0.9 0.2h-0.1q-0.4 0-0.9-0.2t-1.1-0.5-0.9-0.6-1-0.7-0.7-0.5q-1.6-1.1-4.7-3.2t-3.6-2.6q-1.1-0.7-2.1-2t-1-2.5q0-1.4 0.7-2.3t2.1-0.9h26.3q1.2 0 2 0.8t0.9 2z\"\/><\/svg><\/span><span class=\"shariff-text\">E-Mail<\/span>&nbsp;<\/a><\/li><li class=\"shariff-button info shariff-nocustomcolor\" style=\"background-color:#eee\"><a href=\"http:\/\/ct.de\/-2467514\" title=\"Weitere Informationen\" aria-label=\"Weitere Informationen\" role=\"button\" rel=\"noopener \" class=\"shariff-link\" style=\"; background-color:#fff; color:#fff\" target=\"_blank\"><span class=\"shariff-icon\" style=\"\"><svg width=\"32px\" height=\"20px\" xmlns=\"http:\/\/www.w3.org\/2000\/svg\" viewBox=\"0 0 11 32\"><path fill=\"#999\" d=\"M11.4 24v2.3q0 0.5-0.3 0.8t-0.8 0.4h-9.1q-0.5 0-0.8-0.4t-0.4-0.8v-2.3q0-0.5 0.4-0.8t0.8-0.4h1.1v-6.8h-1.1q-0.5 0-0.8-0.4t-0.4-0.8v-2.3q0-0.5 0.4-0.8t0.8-0.4h6.8q0.5 0 0.8 0.4t0.4 0.8v10.3h1.1q0.5 0 0.8 0.4t0.3 0.8zM9.2 3.4v3.4q0 0.5-0.4 0.8t-0.8 0.4h-4.6q-0.4 0-0.8-0.4t-0.4-0.8v-3.4q0-0.4 0.4-0.8t0.8-0.4h4.6q0.5 0 0.8 0.4t0.4 0.8z\"\/><\/svg><\/span><\/a><\/li><\/ul><\/div>","protected":false},"author":1,"featured_media":0,"parent":0,"menu_order":0,"comment_status":"closed","ping_status":"closed","template":"","meta":{"ngg_post_thumbnail":0,"footnotes":""},"class_list":["post-30","page","type-page","status-publish","hentry"],"jetpack-related-posts":[],"_links":{"self":[{"href":"https:\/\/jspics.net\/index.php?rest_route=\/wp\/v2\/pages\/30","targetHints":{"allow":["GET"]}}],"collection":[{"href":"https:\/\/jspics.net\/index.php?rest_route=\/wp\/v2\/pages"}],"about":[{"href":"https:\/\/jspics.net\/index.php?rest_route=\/wp\/v2\/types\/page"}],"author":[{"embeddable":true,"href":"https:\/\/jspics.net\/index.php?rest_route=\/wp\/v2\/users\/1"}],"replies":[{"embeddable":true,"href":"https:\/\/jspics.net\/index.php?rest_route=%2Fwp%2Fv2%2Fcomments&post=30"}],"version-history":[{"count":3,"href":"https:\/\/jspics.net\/index.php?rest_route=\/wp\/v2\/pages\/30\/revisions"}],"predecessor-version":[{"id":2214,"href":"https:\/\/jspics.net\/index.php?rest_route=\/wp\/v2\/pages\/30\/revisions\/2214"}],"wp:attachment":[{"href":"https:\/\/jspics.net\/index.php?rest_route=%2Fwp%2Fv2%2Fmedia&parent=30"}],"curies":[{"name":"wp","href":"https:\/\/api.w.org\/{rel}","templated":true}]}}